{"id":493,"date":"2019-02-03T19:21:39","date_gmt":"2019-02-03T19:21:39","guid":{"rendered":"https:\/\/www.doccionedisotto.eu\/aktivitaeten\/mountainbiken\/"},"modified":"2019-05-28T06:05:58","modified_gmt":"2019-05-28T06:05:58","slug":"vtt","status":"publish","type":"page","link":"https:\/\/www.doccionedisotto.eu\/fr\/loisirs\/vtt\/","title":{"rendered":"VTT"},"content":{"rendered":"<div id=\"cs-content\" class=\"cs-content\"><\/div>\n","protected":false},"excerpt":{"rendered":"<p>Randonn&eacute;es en VTTEn sortant de la maison &#8211; partir directement en VTT!&nbsp;Pour aborder toutes les facettes du VTT, vous trouverez des ascensions tr\u00e8s physiques, des descentes rapides et de chemins relativement exigeants. La beaut\u00e9 de la nature et de l\u2019environnement r\u00e9compensera tous ces efforts. Nous mettons \u00e0 votre disposition un vaste mat\u00e9riel cartographique, mais nous sommes \u00e9galement heureux de vous &#8230; <\/p>\n<div><a href=\"https:\/\/www.doccionedisotto.eu\/fr\/loisirs\/vtt\/\" class=\"more-link\">Read More<\/a><\/div>\n","protected":false},"author":1,"featured_media":0,"parent":489,"menu_order":0,"comment_status":"closed","ping_status":"closed","template":"template-blank-4.php","meta":{"footnotes":""},"yoast_head":"<!-- This site is optimized with the Yoast SEO plugin v23.0 - https:\/\/yoast.com\/wordpress\/plugins\/seo\/ -->\n<title>VTT - Doccione di Sotto<\/title>\n<meta name=\"robots\" content=\"index, follow, max-snippet:-1, max-image-preview:large, max-video-preview:-1\" \/>\n<link rel=\"canonical\" href=\"https:\/\/www.doccionedisotto.eu\/fr\/loisirs\/vtt\/\" \/>\n<meta property=\"og:locale\" content=\"fr_FR\" \/>\n<meta property=\"og:type\" content=\"article\" \/>\n<meta property=\"og:title\" content=\"VTT - Doccione di Sotto\" \/>\n<meta property=\"og:description\" content=\"Randonn&eacute;es en VTTEn sortant de la maison - partir directement en VTT!&nbsp;Pour aborder toutes les facettes du VTT, vous trouverez des ascensions tr\u00e8s physiques, des descentes rapides et de chemins relativement exigeants. La beaut\u00e9 de la nature et de l\u2019environnement r\u00e9compensera tous ces efforts. Nous mettons \u00e0 votre disposition un vaste mat\u00e9riel cartographique, mais nous sommes \u00e9galement heureux de vous ... Read More\" \/>\n<meta property=\"og:url\" content=\"https:\/\/www.doccionedisotto.eu\/fr\/loisirs\/vtt\/\" \/>\n<meta property=\"og:site_name\" content=\"Doccione di Sotto\" \/>\n<meta property=\"article:modified_time\" content=\"2019-05-28T06:05:58+00:00\" \/>\n<meta name=\"twitter:card\" content=\"summary_large_image\" \/>\n<script type=\"application\/ld+json\" class=\"yoast-schema-graph\">{\"@context\":\"https:\/\/schema.org\",\"@graph\":[{\"@type\":\"WebPage\",\"@id\":\"https:\/\/www.doccionedisotto.eu\/fr\/loisirs\/vtt\/\",\"url\":\"https:\/\/www.doccionedisotto.eu\/fr\/loisirs\/vtt\/\",\"name\":\"VTT - Doccione di Sotto\",\"isPartOf\":{\"@id\":\"https:\/\/www.doccionedisotto.eu\/#website\"},\"datePublished\":\"2019-02-03T19:21:39+00:00\",\"dateModified\":\"2019-05-28T06:05:58+00:00\",\"breadcrumb\":{\"@id\":\"https:\/\/www.doccionedisotto.eu\/fr\/loisirs\/vtt\/#breadcrumb\"},\"inLanguage\":\"fr-FR\",\"potentialAction\":[{\"@type\":\"ReadAction\",\"target\":[\"https:\/\/www.doccionedisotto.eu\/fr\/loisirs\/vtt\/\"]}]},{\"@type\":\"BreadcrumbList\",\"@id\":\"https:\/\/www.doccionedisotto.eu\/fr\/loisirs\/vtt\/#breadcrumb\",\"itemListElement\":[{\"@type\":\"ListItem\",\"position\":1,\"name\":\"Startseite\",\"item\":\"https:\/\/www.doccionedisotto.eu\/fr\/startseite\/\"},{\"@type\":\"ListItem\",\"position\":2,\"name\":\"Loisirs\",\"item\":\"https:\/\/www.doccionedisotto.eu\/fr\/loisirs\/\"},{\"@type\":\"ListItem\",\"position\":3,\"name\":\"VTT\"}]},{\"@type\":\"WebSite\",\"@id\":\"https:\/\/www.doccionedisotto.eu\/#website\",\"url\":\"https:\/\/www.doccionedisotto.eu\/\",\"name\":\"Doccione di Sotto\",\"description\":\"Urlaub in der Toskana\",\"publisher\":{\"@id\":\"https:\/\/www.doccionedisotto.eu\/#organization\"},\"potentialAction\":[{\"@type\":\"SearchAction\",\"target\":{\"@type\":\"EntryPoint\",\"urlTemplate\":\"https:\/\/www.doccionedisotto.eu\/?s={search_term_string}\"},\"query-input\":\"required name=search_term_string\"}],\"inLanguage\":\"fr-FR\"},{\"@type\":\"Organization\",\"@id\":\"https:\/\/www.doccionedisotto.eu\/#organization\",\"name\":\"Doccione di Sotto\",\"url\":\"https:\/\/www.doccionedisotto.eu\/\",\"logo\":{\"@type\":\"ImageObject\",\"inLanguage\":\"fr-FR\",\"@id\":\"https:\/\/www.doccionedisotto.eu\/#\/schema\/logo\/image\/\",\"url\":\"https:\/\/www.doccionedisotto.eu\/wp-content\/uploads\/site-icon.png\",\"contentUrl\":\"https:\/\/www.doccionedisotto.eu\/wp-content\/uploads\/site-icon.png\",\"width\":512,\"height\":512,\"caption\":\"Doccione di Sotto\"},\"image\":{\"@id\":\"https:\/\/www.doccionedisotto.eu\/#\/schema\/logo\/image\/\"}}]}<\/script>\n<!-- \/ Yoast SEO plugin. -->","yoast_head_json":{"title":"VTT - Doccione di Sotto","robots":{"index":"index","follow":"follow","max-snippet":"max-snippet:-1","max-image-preview":"max-image-preview:large","max-video-preview":"max-video-preview:-1"},"canonical":"https:\/\/www.doccionedisotto.eu\/fr\/loisirs\/vtt\/","og_locale":"fr_FR","og_type":"article","og_title":"VTT - Doccione di Sotto","og_description":"Randonn&eacute;es en VTTEn sortant de la maison - partir directement en VTT!&nbsp;Pour aborder toutes les facettes du VTT, vous trouverez des ascensions tr\u00e8s physiques, des descentes rapides et de chemins relativement exigeants. La beaut\u00e9 de la nature et de l\u2019environnement r\u00e9compensera tous ces efforts. Nous mettons \u00e0 votre disposition un vaste mat\u00e9riel cartographique, mais nous sommes \u00e9galement heureux de vous ... Read More","og_url":"https:\/\/www.doccionedisotto.eu\/fr\/loisirs\/vtt\/","og_site_name":"Doccione di Sotto","article_modified_time":"2019-05-28T06:05:58+00:00","twitter_card":"summary_large_image","schema":{"@context":"https:\/\/schema.org","@graph":[{"@type":"WebPage","@id":"https:\/\/www.doccionedisotto.eu\/fr\/loisirs\/vtt\/","url":"https:\/\/www.doccionedisotto.eu\/fr\/loisirs\/vtt\/","name":"VTT - Doccione di Sotto","isPartOf":{"@id":"https:\/\/www.doccionedisotto.eu\/#website"},"datePublished":"2019-02-03T19:21:39+00:00","dateModified":"2019-05-28T06:05:58+00:00","breadcrumb":{"@id":"https:\/\/www.doccionedisotto.eu\/fr\/loisirs\/vtt\/#breadcrumb"},"inLanguage":"fr-FR","potentialAction":[{"@type":"ReadAction","target":["https:\/\/www.doccionedisotto.eu\/fr\/loisirs\/vtt\/"]}]},{"@type":"BreadcrumbList","@id":"https:\/\/www.doccionedisotto.eu\/fr\/loisirs\/vtt\/#breadcrumb","itemListElement":[{"@type":"ListItem","position":1,"name":"Startseite","item":"https:\/\/www.doccionedisotto.eu\/fr\/startseite\/"},{"@type":"ListItem","position":2,"name":"Loisirs","item":"https:\/\/www.doccionedisotto.eu\/fr\/loisirs\/"},{"@type":"ListItem","position":3,"name":"VTT"}]},{"@type":"WebSite","@id":"https:\/\/www.doccionedisotto.eu\/#website","url":"https:\/\/www.doccionedisotto.eu\/","name":"Doccione di Sotto","description":"Urlaub in der Toskana","publisher":{"@id":"https:\/\/www.doccionedisotto.eu\/#organization"},"potentialAction":[{"@type":"SearchAction","target":{"@type":"EntryPoint","urlTemplate":"https:\/\/www.doccionedisotto.eu\/?s={search_term_string}"},"query-input":"required name=search_term_string"}],"inLanguage":"fr-FR"},{"@type":"Organization","@id":"https:\/\/www.doccionedisotto.eu\/#organization","name":"Doccione di Sotto","url":"https:\/\/www.doccionedisotto.eu\/","logo":{"@type":"ImageObject","inLanguage":"fr-FR","@id":"https:\/\/www.doccionedisotto.eu\/#\/schema\/logo\/image\/","url":"https:\/\/www.doccionedisotto.eu\/wp-content\/uploads\/site-icon.png","contentUrl":"https:\/\/www.doccionedisotto.eu\/wp-content\/uploads\/site-icon.png","width":512,"height":512,"caption":"Doccione di Sotto"},"image":{"@id":"https:\/\/www.doccionedisotto.eu\/#\/schema\/logo\/image\/"}}]}},"_links":{"self":[{"href":"https:\/\/www.doccionedisotto.eu\/fr\/wp-json\/wp\/v2\/pages\/493"}],"collection":[{"href":"https:\/\/www.doccionedisotto.eu\/fr\/wp-json\/wp\/v2\/pages"}],"about":[{"href":"https:\/\/www.doccionedisotto.eu\/fr\/wp-json\/wp\/v2\/types\/page"}],"author":[{"embeddable":true,"href":"https:\/\/www.doccionedisotto.eu\/fr\/wp-json\/wp\/v2\/users\/1"}],"replies":[{"embeddable":true,"href":"https:\/\/www.doccionedisotto.eu\/fr\/wp-json\/wp\/v2\/comments?post=493"}],"version-history":[{"count":2,"href":"https:\/\/www.doccionedisotto.eu\/fr\/wp-json\/wp\/v2\/pages\/493\/revisions"}],"predecessor-version":[{"id":511,"href":"https:\/\/www.doccionedisotto.eu\/fr\/wp-json\/wp\/v2\/pages\/493\/revisions\/511"}],"up":[{"embeddable":true,"href":"https:\/\/www.doccionedisotto.eu\/fr\/wp-json\/wp\/v2\/pages\/489"}],"wp:attachment":[{"href":"https:\/\/www.doccionedisotto.eu\/fr\/wp-json\/wp\/v2\/media?parent=493"}],"curies":[{"name":"wp","href":"https:\/\/api.w.org\/{rel}","templated":true}]}}