{"id":503,"date":"2019-02-03T19:14:05","date_gmt":"2019-02-03T19:14:05","guid":{"rendered":"https:\/\/www.doccionedisotto.eu\/garten\/"},"modified":"2019-05-28T06:07:40","modified_gmt":"2019-05-28T06:07:40","slug":"le-jardin","status":"publish","type":"page","link":"https:\/\/www.doccionedisotto.eu\/fr\/le-jardin\/","title":{"rendered":"Le jardin"},"content":{"rendered":"<div id=\"cs-content\" class=\"cs-content\"><\/div>\n","protected":false},"excerpt":{"rendered":"<p>Le jardinD&eacute;tente en montagneA proximit\u00e9 imm\u00e9diate de la maison, le grand jardin avec piscine (9x6m) permet de nager, de jouer, de se d\u00e9tendre au soleil et de se reposer apr\u00e8s les excursions. Un sauna est \u00e0 disposition ainsi qu\u2019une table de ping-pong, une place pour jouer au badminton, un hamac et un barbecue. Pour les jeunes enfants, un bac \u00e0 &#8230; <\/p>\n<div><a href=\"https:\/\/www.doccionedisotto.eu\/fr\/le-jardin\/\" class=\"more-link\">Read More<\/a><\/div>\n","protected":false},"author":1,"featured_media":0,"parent":0,"menu_order":0,"comment_status":"closed","ping_status":"closed","template":"template-blank-4.php","meta":{"footnotes":""},"yoast_head":"<!-- This site is optimized with the Yoast SEO plugin v23.0 - https:\/\/yoast.com\/wordpress\/plugins\/seo\/ -->\n<title>Le jardin - Doccione di Sotto<\/title>\n<meta name=\"robots\" content=\"index, follow, max-snippet:-1, max-image-preview:large, max-video-preview:-1\" \/>\n<link rel=\"canonical\" href=\"https:\/\/www.doccionedisotto.eu\/fr\/le-jardin\/\" \/>\n<meta property=\"og:locale\" content=\"fr_FR\" \/>\n<meta property=\"og:type\" content=\"article\" \/>\n<meta property=\"og:title\" content=\"Le jardin - Doccione di Sotto\" \/>\n<meta property=\"og:description\" content=\"Le jardinD&eacute;tente en montagneA proximit\u00e9 imm\u00e9diate de la maison, le grand jardin avec piscine (9x6m) permet de nager, de jouer, de se d\u00e9tendre au soleil et de se reposer apr\u00e8s les excursions. Un sauna est \u00e0 disposition ainsi qu\u2019une table de ping-pong, une place pour jouer au badminton, un hamac et un barbecue. Pour les jeunes enfants, un bac \u00e0 ... Read More\" \/>\n<meta property=\"og:url\" content=\"https:\/\/www.doccionedisotto.eu\/fr\/le-jardin\/\" \/>\n<meta property=\"og:site_name\" content=\"Doccione di Sotto\" \/>\n<meta property=\"article:modified_time\" content=\"2019-05-28T06:07:40+00:00\" \/>\n<meta name=\"twitter:card\" content=\"summary_large_image\" \/>\n<script type=\"application\/ld+json\" class=\"yoast-schema-graph\">{\"@context\":\"https:\/\/schema.org\",\"@graph\":[{\"@type\":\"WebPage\",\"@id\":\"https:\/\/www.doccionedisotto.eu\/fr\/le-jardin\/\",\"url\":\"https:\/\/www.doccionedisotto.eu\/fr\/le-jardin\/\",\"name\":\"Le jardin - Doccione di Sotto\",\"isPartOf\":{\"@id\":\"https:\/\/www.doccionedisotto.eu\/#website\"},\"datePublished\":\"2019-02-03T19:14:05+00:00\",\"dateModified\":\"2019-05-28T06:07:40+00:00\",\"breadcrumb\":{\"@id\":\"https:\/\/www.doccionedisotto.eu\/fr\/le-jardin\/#breadcrumb\"},\"inLanguage\":\"fr-FR\",\"potentialAction\":[{\"@type\":\"ReadAction\",\"target\":[\"https:\/\/www.doccionedisotto.eu\/fr\/le-jardin\/\"]}]},{\"@type\":\"BreadcrumbList\",\"@id\":\"https:\/\/www.doccionedisotto.eu\/fr\/le-jardin\/#breadcrumb\",\"itemListElement\":[{\"@type\":\"ListItem\",\"position\":1,\"name\":\"Startseite\",\"item\":\"https:\/\/www.doccionedisotto.eu\/fr\/startseite\/\"},{\"@type\":\"ListItem\",\"position\":2,\"name\":\"Le jardin\"}]},{\"@type\":\"WebSite\",\"@id\":\"https:\/\/www.doccionedisotto.eu\/#website\",\"url\":\"https:\/\/www.doccionedisotto.eu\/\",\"name\":\"Doccione di Sotto\",\"description\":\"Urlaub in der Toskana\",\"publisher\":{\"@id\":\"https:\/\/www.doccionedisotto.eu\/#organization\"},\"potentialAction\":[{\"@type\":\"SearchAction\",\"target\":{\"@type\":\"EntryPoint\",\"urlTemplate\":\"https:\/\/www.doccionedisotto.eu\/?s={search_term_string}\"},\"query-input\":\"required name=search_term_string\"}],\"inLanguage\":\"fr-FR\"},{\"@type\":\"Organization\",\"@id\":\"https:\/\/www.doccionedisotto.eu\/#organization\",\"name\":\"Doccione di Sotto\",\"url\":\"https:\/\/www.doccionedisotto.eu\/\",\"logo\":{\"@type\":\"ImageObject\",\"inLanguage\":\"fr-FR\",\"@id\":\"https:\/\/www.doccionedisotto.eu\/#\/schema\/logo\/image\/\",\"url\":\"https:\/\/www.doccionedisotto.eu\/wp-content\/uploads\/site-icon.png\",\"contentUrl\":\"https:\/\/www.doccionedisotto.eu\/wp-content\/uploads\/site-icon.png\",\"width\":512,\"height\":512,\"caption\":\"Doccione di Sotto\"},\"image\":{\"@id\":\"https:\/\/www.doccionedisotto.eu\/#\/schema\/logo\/image\/\"}}]}<\/script>\n<!-- \/ Yoast SEO plugin. -->","yoast_head_json":{"title":"Le jardin - Doccione di Sotto","robots":{"index":"index","follow":"follow","max-snippet":"max-snippet:-1","max-image-preview":"max-image-preview:large","max-video-preview":"max-video-preview:-1"},"canonical":"https:\/\/www.doccionedisotto.eu\/fr\/le-jardin\/","og_locale":"fr_FR","og_type":"article","og_title":"Le jardin - Doccione di Sotto","og_description":"Le jardinD&eacute;tente en montagneA proximit\u00e9 imm\u00e9diate de la maison, le grand jardin avec piscine (9x6m) permet de nager, de jouer, de se d\u00e9tendre au soleil et de se reposer apr\u00e8s les excursions. Un sauna est \u00e0 disposition ainsi qu\u2019une table de ping-pong, une place pour jouer au badminton, un hamac et un barbecue. Pour les jeunes enfants, un bac \u00e0 ... Read More","og_url":"https:\/\/www.doccionedisotto.eu\/fr\/le-jardin\/","og_site_name":"Doccione di Sotto","article_modified_time":"2019-05-28T06:07:40+00:00","twitter_card":"summary_large_image","schema":{"@context":"https:\/\/schema.org","@graph":[{"@type":"WebPage","@id":"https:\/\/www.doccionedisotto.eu\/fr\/le-jardin\/","url":"https:\/\/www.doccionedisotto.eu\/fr\/le-jardin\/","name":"Le jardin - Doccione di Sotto","isPartOf":{"@id":"https:\/\/www.doccionedisotto.eu\/#website"},"datePublished":"2019-02-03T19:14:05+00:00","dateModified":"2019-05-28T06:07:40+00:00","breadcrumb":{"@id":"https:\/\/www.doccionedisotto.eu\/fr\/le-jardin\/#breadcrumb"},"inLanguage":"fr-FR","potentialAction":[{"@type":"ReadAction","target":["https:\/\/www.doccionedisotto.eu\/fr\/le-jardin\/"]}]},{"@type":"BreadcrumbList","@id":"https:\/\/www.doccionedisotto.eu\/fr\/le-jardin\/#breadcrumb","itemListElement":[{"@type":"ListItem","position":1,"name":"Startseite","item":"https:\/\/www.doccionedisotto.eu\/fr\/startseite\/"},{"@type":"ListItem","position":2,"name":"Le jardin"}]},{"@type":"WebSite","@id":"https:\/\/www.doccionedisotto.eu\/#website","url":"https:\/\/www.doccionedisotto.eu\/","name":"Doccione di Sotto","description":"Urlaub in der Toskana","publisher":{"@id":"https:\/\/www.doccionedisotto.eu\/#organization"},"potentialAction":[{"@type":"SearchAction","target":{"@type":"EntryPoint","urlTemplate":"https:\/\/www.doccionedisotto.eu\/?s={search_term_string}"},"query-input":"required name=search_term_string"}],"inLanguage":"fr-FR"},{"@type":"Organization","@id":"https:\/\/www.doccionedisotto.eu\/#organization","name":"Doccione di Sotto","url":"https:\/\/www.doccionedisotto.eu\/","logo":{"@type":"ImageObject","inLanguage":"fr-FR","@id":"https:\/\/www.doccionedisotto.eu\/#\/schema\/logo\/image\/","url":"https:\/\/www.doccionedisotto.eu\/wp-content\/uploads\/site-icon.png","contentUrl":"https:\/\/www.doccionedisotto.eu\/wp-content\/uploads\/site-icon.png","width":512,"height":512,"caption":"Doccione di Sotto"},"image":{"@id":"https:\/\/www.doccionedisotto.eu\/#\/schema\/logo\/image\/"}}]}},"_links":{"self":[{"href":"https:\/\/www.doccionedisotto.eu\/fr\/wp-json\/wp\/v2\/pages\/503"}],"collection":[{"href":"https:\/\/www.doccionedisotto.eu\/fr\/wp-json\/wp\/v2\/pages"}],"about":[{"href":"https:\/\/www.doccionedisotto.eu\/fr\/wp-json\/wp\/v2\/types\/page"}],"author":[{"embeddable":true,"href":"https:\/\/www.doccionedisotto.eu\/fr\/wp-json\/wp\/v2\/users\/1"}],"replies":[{"embeddable":true,"href":"https:\/\/www.doccionedisotto.eu\/fr\/wp-json\/wp\/v2\/comments?post=503"}],"version-history":[{"count":2,"href":"https:\/\/www.doccionedisotto.eu\/fr\/wp-json\/wp\/v2\/pages\/503\/revisions"}],"predecessor-version":[{"id":517,"href":"https:\/\/www.doccionedisotto.eu\/fr\/wp-json\/wp\/v2\/pages\/503\/revisions\/517"}],"wp:attachment":[{"href":"https:\/\/www.doccionedisotto.eu\/fr\/wp-json\/wp\/v2\/media?parent=503"}],"curies":[{"name":"wp","href":"https:\/\/api.w.org\/{rel}","templated":true}]}}