{"id":401,"date":"2019-02-03T19:21:53","date_gmt":"2019-02-03T19:21:53","guid":{"rendered":"https:\/\/www.doccionedisotto.eu\/aktivitaeten\/ausfluege\/"},"modified":"2019-05-23T19:44:25","modified_gmt":"2019-05-23T19:44:25","slug":"escursioni","status":"publish","type":"page","link":"https:\/\/www.doccionedisotto.eu\/it\/attivita\/escursioni\/","title":{"rendered":"Escursioni"},"content":{"rendered":"<div id=\"cs-content\" class=\"cs-content\"><\/div>\n","protected":false},"excerpt":{"rendered":"<p>EscursioniEscursioni ed attivit&agrave; in Toscana e altrove&nbsp;Possiamo intraprendere escursioni nella zona, visitare mercati settimanali nei piccoli o grandi \u2013 ma sempre pittoreschi \u2013 luoghi (marted\u00ec: Poppi e Sansepolcro, gioved\u00ec: Bibbiena, venerd\u00ec: Soci, sabato: Arezzo), castelli medievali (Poppi, Pratovecchio, Stia), chiese (Pieve di Romena) e santuari (Chiusi della Verna, Camaldoli). Attraente sono le gite di un giorno ad Arezzo (1 ora), &#8230; <\/p>\n<div><a href=\"https:\/\/www.doccionedisotto.eu\/it\/attivita\/escursioni\/\" class=\"more-link\">Read More<\/a><\/div>\n","protected":false},"author":1,"featured_media":0,"parent":373,"menu_order":0,"comment_status":"closed","ping_status":"closed","template":"template-blank-4.php","meta":{"footnotes":""},"yoast_head":"<!-- This site is optimized with the Yoast SEO plugin v23.0 - https:\/\/yoast.com\/wordpress\/plugins\/seo\/ -->\n<title>Escursioni - Doccione di Sotto<\/title>\n<meta name=\"robots\" content=\"index, follow, max-snippet:-1, max-image-preview:large, max-video-preview:-1\" \/>\n<link rel=\"canonical\" href=\"https:\/\/www.doccionedisotto.eu\/it\/attivita\/escursioni\/\" \/>\n<meta property=\"og:locale\" content=\"it_IT\" \/>\n<meta property=\"og:type\" content=\"article\" \/>\n<meta property=\"og:title\" content=\"Escursioni - Doccione di Sotto\" \/>\n<meta property=\"og:description\" content=\"EscursioniEscursioni ed attivit&agrave; in Toscana e altrove&nbsp;Possiamo intraprendere escursioni nella zona, visitare mercati settimanali nei piccoli o grandi \u2013 ma sempre pittoreschi \u2013 luoghi (marted\u00ec: Poppi e Sansepolcro, gioved\u00ec: Bibbiena, venerd\u00ec: Soci, sabato: Arezzo), castelli medievali (Poppi, Pratovecchio, Stia), chiese (Pieve di Romena) e santuari (Chiusi della Verna, Camaldoli). Attraente sono le gite di un giorno ad Arezzo (1 ora), ... Read More\" \/>\n<meta property=\"og:url\" content=\"https:\/\/www.doccionedisotto.eu\/it\/attivita\/escursioni\/\" \/>\n<meta property=\"og:site_name\" content=\"Doccione di Sotto\" \/>\n<meta property=\"article:modified_time\" content=\"2019-05-23T19:44:25+00:00\" \/>\n<meta name=\"twitter:card\" content=\"summary_large_image\" \/>\n<script type=\"application\/ld+json\" class=\"yoast-schema-graph\">{\"@context\":\"https:\/\/schema.org\",\"@graph\":[{\"@type\":\"WebPage\",\"@id\":\"https:\/\/www.doccionedisotto.eu\/it\/attivita\/escursioni\/\",\"url\":\"https:\/\/www.doccionedisotto.eu\/it\/attivita\/escursioni\/\",\"name\":\"Escursioni - Doccione di Sotto\",\"isPartOf\":{\"@id\":\"https:\/\/www.doccionedisotto.eu\/#website\"},\"datePublished\":\"2019-02-03T19:21:53+00:00\",\"dateModified\":\"2019-05-23T19:44:25+00:00\",\"breadcrumb\":{\"@id\":\"https:\/\/www.doccionedisotto.eu\/it\/attivita\/escursioni\/#breadcrumb\"},\"inLanguage\":\"it-IT\",\"potentialAction\":[{\"@type\":\"ReadAction\",\"target\":[\"https:\/\/www.doccionedisotto.eu\/it\/attivita\/escursioni\/\"]}]},{\"@type\":\"BreadcrumbList\",\"@id\":\"https:\/\/www.doccionedisotto.eu\/it\/attivita\/escursioni\/#breadcrumb\",\"itemListElement\":[{\"@type\":\"ListItem\",\"position\":1,\"name\":\"Startseite\",\"item\":\"https:\/\/www.doccionedisotto.eu\/it\/startseite\/\"},{\"@type\":\"ListItem\",\"position\":2,\"name\":\"Attivit\u00e0\",\"item\":\"https:\/\/www.doccionedisotto.eu\/it\/attivita\/\"},{\"@type\":\"ListItem\",\"position\":3,\"name\":\"Escursioni\"}]},{\"@type\":\"WebSite\",\"@id\":\"https:\/\/www.doccionedisotto.eu\/#website\",\"url\":\"https:\/\/www.doccionedisotto.eu\/\",\"name\":\"Doccione di Sotto\",\"description\":\"Urlaub in der Toskana\",\"publisher\":{\"@id\":\"https:\/\/www.doccionedisotto.eu\/#organization\"},\"potentialAction\":[{\"@type\":\"SearchAction\",\"target\":{\"@type\":\"EntryPoint\",\"urlTemplate\":\"https:\/\/www.doccionedisotto.eu\/?s={search_term_string}\"},\"query-input\":\"required name=search_term_string\"}],\"inLanguage\":\"it-IT\"},{\"@type\":\"Organization\",\"@id\":\"https:\/\/www.doccionedisotto.eu\/#organization\",\"name\":\"Doccione di Sotto\",\"url\":\"https:\/\/www.doccionedisotto.eu\/\",\"logo\":{\"@type\":\"ImageObject\",\"inLanguage\":\"it-IT\",\"@id\":\"https:\/\/www.doccionedisotto.eu\/#\/schema\/logo\/image\/\",\"url\":\"https:\/\/www.doccionedisotto.eu\/wp-content\/uploads\/site-icon.png\",\"contentUrl\":\"https:\/\/www.doccionedisotto.eu\/wp-content\/uploads\/site-icon.png\",\"width\":512,\"height\":512,\"caption\":\"Doccione di Sotto\"},\"image\":{\"@id\":\"https:\/\/www.doccionedisotto.eu\/#\/schema\/logo\/image\/\"}}]}<\/script>\n<!-- \/ Yoast SEO plugin. -->","yoast_head_json":{"title":"Escursioni - Doccione di Sotto","robots":{"index":"index","follow":"follow","max-snippet":"max-snippet:-1","max-image-preview":"max-image-preview:large","max-video-preview":"max-video-preview:-1"},"canonical":"https:\/\/www.doccionedisotto.eu\/it\/attivita\/escursioni\/","og_locale":"it_IT","og_type":"article","og_title":"Escursioni - Doccione di Sotto","og_description":"EscursioniEscursioni ed attivit&agrave; in Toscana e altrove&nbsp;Possiamo intraprendere escursioni nella zona, visitare mercati settimanali nei piccoli o grandi \u2013 ma sempre pittoreschi \u2013 luoghi (marted\u00ec: Poppi e Sansepolcro, gioved\u00ec: Bibbiena, venerd\u00ec: Soci, sabato: Arezzo), castelli medievali (Poppi, Pratovecchio, Stia), chiese (Pieve di Romena) e santuari (Chiusi della Verna, Camaldoli). Attraente sono le gite di un giorno ad Arezzo (1 ora), ... Read More","og_url":"https:\/\/www.doccionedisotto.eu\/it\/attivita\/escursioni\/","og_site_name":"Doccione di Sotto","article_modified_time":"2019-05-23T19:44:25+00:00","twitter_card":"summary_large_image","schema":{"@context":"https:\/\/schema.org","@graph":[{"@type":"WebPage","@id":"https:\/\/www.doccionedisotto.eu\/it\/attivita\/escursioni\/","url":"https:\/\/www.doccionedisotto.eu\/it\/attivita\/escursioni\/","name":"Escursioni - Doccione di Sotto","isPartOf":{"@id":"https:\/\/www.doccionedisotto.eu\/#website"},"datePublished":"2019-02-03T19:21:53+00:00","dateModified":"2019-05-23T19:44:25+00:00","breadcrumb":{"@id":"https:\/\/www.doccionedisotto.eu\/it\/attivita\/escursioni\/#breadcrumb"},"inLanguage":"it-IT","potentialAction":[{"@type":"ReadAction","target":["https:\/\/www.doccionedisotto.eu\/it\/attivita\/escursioni\/"]}]},{"@type":"BreadcrumbList","@id":"https:\/\/www.doccionedisotto.eu\/it\/attivita\/escursioni\/#breadcrumb","itemListElement":[{"@type":"ListItem","position":1,"name":"Startseite","item":"https:\/\/www.doccionedisotto.eu\/it\/startseite\/"},{"@type":"ListItem","position":2,"name":"Attivit\u00e0","item":"https:\/\/www.doccionedisotto.eu\/it\/attivita\/"},{"@type":"ListItem","position":3,"name":"Escursioni"}]},{"@type":"WebSite","@id":"https:\/\/www.doccionedisotto.eu\/#website","url":"https:\/\/www.doccionedisotto.eu\/","name":"Doccione di Sotto","description":"Urlaub in der Toskana","publisher":{"@id":"https:\/\/www.doccionedisotto.eu\/#organization"},"potentialAction":[{"@type":"SearchAction","target":{"@type":"EntryPoint","urlTemplate":"https:\/\/www.doccionedisotto.eu\/?s={search_term_string}"},"query-input":"required name=search_term_string"}],"inLanguage":"it-IT"},{"@type":"Organization","@id":"https:\/\/www.doccionedisotto.eu\/#organization","name":"Doccione di Sotto","url":"https:\/\/www.doccionedisotto.eu\/","logo":{"@type":"ImageObject","inLanguage":"it-IT","@id":"https:\/\/www.doccionedisotto.eu\/#\/schema\/logo\/image\/","url":"https:\/\/www.doccionedisotto.eu\/wp-content\/uploads\/site-icon.png","contentUrl":"https:\/\/www.doccionedisotto.eu\/wp-content\/uploads\/site-icon.png","width":512,"height":512,"caption":"Doccione di Sotto"},"image":{"@id":"https:\/\/www.doccionedisotto.eu\/#\/schema\/logo\/image\/"}}]}},"_links":{"self":[{"href":"https:\/\/www.doccionedisotto.eu\/it\/wp-json\/wp\/v2\/pages\/401"}],"collection":[{"href":"https:\/\/www.doccionedisotto.eu\/it\/wp-json\/wp\/v2\/pages"}],"about":[{"href":"https:\/\/www.doccionedisotto.eu\/it\/wp-json\/wp\/v2\/types\/page"}],"author":[{"embeddable":true,"href":"https:\/\/www.doccionedisotto.eu\/it\/wp-json\/wp\/v2\/users\/1"}],"replies":[{"embeddable":true,"href":"https:\/\/www.doccionedisotto.eu\/it\/wp-json\/wp\/v2\/comments?post=401"}],"version-history":[{"count":4,"href":"https:\/\/www.doccionedisotto.eu\/it\/wp-json\/wp\/v2\/pages\/401\/revisions"}],"predecessor-version":[{"id":480,"href":"https:\/\/www.doccionedisotto.eu\/it\/wp-json\/wp\/v2\/pages\/401\/revisions\/480"}],"up":[{"embeddable":true,"href":"https:\/\/www.doccionedisotto.eu\/it\/wp-json\/wp\/v2\/pages\/373"}],"wp:attachment":[{"href":"https:\/\/www.doccionedisotto.eu\/it\/wp-json\/wp\/v2\/media?parent=401"}],"curies":[{"name":"wp","href":"https:\/\/api.w.org\/{rel}","templated":true}]}}